{"id":7,"date":"2017-07-20T12:48:02","date_gmt":"2017-07-20T10:48:02","guid":{"rendered":"http:\/\/newtball.com\/?page_id=7"},"modified":"2017-10-31T17:02:11","modified_gmt":"2017-10-31T16:02:11","slug":"accueil","status":"publish","type":"page","link":"https:\/\/newtball.com\/","title":{"rendered":"Accueil"},"content":{"rendered":"<p>Plus qu&rsquo;un jeu, une mani\u00e8re de construire<br \/>\nson corps et renforcer sa posture<\/p>\n<p><img loading=\"lazy\" decoding=\"async\" class=\"alignnone size-medium wp-image-80\" style=\"font-size: 1rem;\" src=\"http:\/\/newtball.com\/wp-content\/uploads\/2017\/07\/dimension-terrain-newtball-1-300x167.jpg\" alt=\"\" width=\"300\" height=\"167\" srcset=\"https:\/\/newtball.com\/wp-content\/uploads\/2017\/07\/dimension-terrain-newtball-1-300x167.jpg 300w, https:\/\/newtball.com\/wp-content\/uploads\/2017\/07\/dimension-terrain-newtball-1-768x427.jpg 768w, https:\/\/newtball.com\/wp-content\/uploads\/2017\/07\/dimension-terrain-newtball-1-1024x569.jpg 1024w\" sizes=\"auto, (max-width: 300px) 100vw, 300px\" \/><\/p>\n<p>T\u00e9l\u00e9charg<span style=\"font-size: 1rem;\">ez au format PDF les r\u00e8gles, les modalit\u00e9s, le mode de fonctionnement et les effets du jeu, un compl\u00e9ment de l&rsquo;ouvrage <em>\u00ab\u00a0Am\u00e9liorer sa posture<\/em><\/span>\u00a0\u00bb :\u00a0<a style=\"font-size: 1rem;\" href=\"http:\/\/bit.ly\/Newtballregles\">http:\/\/bit.ly\/Newtballregles<\/a><\/p>\n","protected":false},"excerpt":{"rendered":"<p>Plus qu&rsquo;un jeu, une mani\u00e8re de construire son corps et renforcer sa posture T\u00e9l\u00e9chargez au format PDF les r\u00e8gles, les modalit\u00e9s, le mode de fonctionnement et les effets du jeu, un compl\u00e9ment de l&rsquo;ouvrage \u00ab\u00a0Am\u00e9liorer sa posture\u00a0\u00bb :\u00a0http:\/\/bit.ly\/Newtballregles<\/p>\n","protected":false},"author":1,"featured_media":0,"parent":0,"menu_order":0,"comment_status":"closed","ping_status":"closed","template":"","meta":{"footnotes":""},"class_list":["post-7","page","type-page","status-publish","hentry"],"_links":{"self":[{"href":"https:\/\/newtball.com\/index.php\/wp-json\/wp\/v2\/pages\/7","targetHints":{"allow":["GET"]}}],"collection":[{"href":"https:\/\/newtball.com\/index.php\/wp-json\/wp\/v2\/pages"}],"about":[{"href":"https:\/\/newtball.com\/index.php\/wp-json\/wp\/v2\/types\/page"}],"author":[{"embeddable":true,"href":"https:\/\/newtball.com\/index.php\/wp-json\/wp\/v2\/users\/1"}],"replies":[{"embeddable":true,"href":"https:\/\/newtball.com\/index.php\/wp-json\/wp\/v2\/comments?post=7"}],"version-history":[{"count":14,"href":"https:\/\/newtball.com\/index.php\/wp-json\/wp\/v2\/pages\/7\/revisions"}],"predecessor-version":[{"id":120,"href":"https:\/\/newtball.com\/index.php\/wp-json\/wp\/v2\/pages\/7\/revisions\/120"}],"wp:attachment":[{"href":"https:\/\/newtball.com\/index.php\/wp-json\/wp\/v2\/media?parent=7"}],"curies":[{"name":"wp","href":"https:\/\/api.w.org\/{rel}","templated":true}]}}